{"id":105,"date":"2024-01-19T09:14:57","date_gmt":"2024-01-19T08:14:57","guid":{"rendered":"http:\/\/www.studium-spitzensport-berlin.de\/?page_id=105"},"modified":"2025-07-08T11:53:11","modified_gmt":"2025-07-08T09:53:11","slug":"startseite","status":"publish","type":"page","link":"https:\/\/www.studium-spitzensport-berlin.de\/","title":{"rendered":"Duale Karriere: Studium und Spitzensport in Berlin"},"content":{"rendered":"\n<div class=\"wp-block-group alignfull has-global-padding is-layout-constrained wp-container-core-group-is-layout-86dba5ee wp-block-group-is-layout-constrained\" style=\"padding-top:var(--wp--preset--spacing--10);padding-right:var(--wp--preset--spacing--10);padding-bottom:var(--wp--preset--spacing--10);padding-left:var(--wp--preset--spacing--10)\">\n<div class=\"wp-block-group has-global-padding is-layout-constrained wp-container-core-group-is-layout-e555385e wp-block-group-is-layout-constrained\">\n<figure class=\"wp-block-image aligncenter size-full has-custom-border is-style-rounded wp-duotone-duotone-1 is-style-rounded--1\"><img loading=\"lazy\" decoding=\"async\" width=\"1280\" height=\"581\" src=\"http:\/\/www.studium-spitzensport-berlin.de\/wp-content\/uploads\/2024\/01\/bild_duale-karriere.png\" alt=\"\" class=\"wp-image-127\" style=\"border-radius:20px\" srcset=\"https:\/\/www.studium-spitzensport-berlin.de\/wp-content\/uploads\/2024\/01\/bild_duale-karriere.png 1280w, https:\/\/www.studium-spitzensport-berlin.de\/wp-content\/uploads\/2024\/01\/bild_duale-karriere-300x136.png 300w, https:\/\/www.studium-spitzensport-berlin.de\/wp-content\/uploads\/2024\/01\/bild_duale-karriere-1024x465.png 1024w, https:\/\/www.studium-spitzensport-berlin.de\/wp-content\/uploads\/2024\/01\/bild_duale-karriere-768x349.png 768w\" sizes=\"auto, (max-width: 1280px) 100vw, 1280px\" \/><figcaption class=\"wp-element-caption\">Spagat zwischen Studium und Spitzensport<\/figcaption><\/figure>\n\n\n\n<p class=\"has-text-align-left\">Du bist Spitzensportler*in und auf der Suche nach Informationen zu Hochschulen und Universit\u00e4ten in Berlin? Dann bist Du hier genau an der richtigen Stelle! <br> <\/p>\n\n\n\n<div style=\"height:1.25rem;width:0px\" aria-hidden=\"true\" class=\"wp-block-spacer\"><\/div>\n<\/div>\n<\/div>\n\n\n\n<div class=\"wp-block-group alignfull has-base-2-background-color has-background has-global-padding is-layout-constrained wp-container-core-group-is-layout-669513ed wp-block-group-is-layout-constrained\" style=\"margin-top:0;margin-bottom:0;padding-top:var(--wp--preset--spacing--50);padding-right:var(--wp--preset--spacing--50);padding-bottom:var(--wp--preset--spacing--50);padding-left:var(--wp--preset--spacing--50)\">\n<div class=\"wp-block-group has-global-padding is-layout-constrained wp-container-core-group-is-layout-1b28b650 wp-block-group-is-layout-constrained\" style=\"margin-top:0;margin-bottom:0;padding-top:0;padding-bottom:0\">\n<figure class=\"wp-block-image size-full\"><img loading=\"lazy\" decoding=\"async\" width=\"1301\" height=\"426\" src=\"http:\/\/www.studium-spitzensport-berlin.de\/wp-content\/uploads\/2024\/07\/Logo_verbundsystem_trans_weiss-1.gif\" alt=\"\" class=\"wp-image-519\"\/><\/figure>\n\n\n\n<p>Die Unterst\u00fctzung der Dualen Karriere der studierenden Athlet*innen nimmt am Wissenschaftsstandort Berlin einen wichtigen Stellenwert ein. Insgesamt acht Berliner Hochschulen haben sich mit der Unterzeichnung von Kooperationsvertr\u00e4gen verpflichtet, die an ihren Hochschulen studierenden Spitzensportlerinnen und -sportler in der Doppelbelastung von Studium und Spitzensport zu begleiten. Gemeinsam mit dem Olympiast\u00fctzpunkt Berlin arbeiten die Hochschulen daran, bestm\u00f6gliche Rahmenbedingungen f\u00fcr die duale Karriere zu schaffen. <\/p>\n\n\n\n<div style=\"margin-top:0;margin-bottom:0;height:min(4rem, 5vw);width:0px\" aria-hidden=\"true\" class=\"wp-block-spacer\"><\/div>\n<\/div>\n\n\n\n<h6 class=\"wp-block-heading has-text-align-center is-style-asterisk\"><\/h6>\n\n\n\n<div class=\"wp-block-columns alignwide is-layout-flex wp-container-core-columns-is-layout-d0bbbce0 wp-block-columns-is-layout-flex\">\n<div class=\"wp-block-column is-layout-flow wp-container-core-column-is-layout-e3d1c41b wp-block-column-is-layout-flow\">\n<h3 class=\"wp-block-heading has-text-align-left is-style-asterisk has-body-font-family has-medium-font-size\" style=\"font-style:normal;font-weight:600\"><a href=\"http:\/\/www.studium-spitzensport-berlin.de\/?page_id=2\" data-type=\"page\" data-id=\"2\">Olympiast\u00fctzpunkt Berlin<\/a><\/h3>\n\n\n\n<p class=\"has-text-align-left\">Vielf\u00e4ltige und ma\u00dfgeschneiderte Leistungen von Laufbahnberatung \u00fcber Sportmedizin bis zur psychologischen Betreuung.<\/p>\n<\/div>\n\n\n\n<div class=\"wp-block-column is-layout-flow wp-container-core-column-is-layout-e3d1c41b wp-block-column-is-layout-flow\">\n<h3 class=\"wp-block-heading has-text-align-left is-style-asterisk has-body-font-family has-medium-font-size\" style=\"font-style:normal;font-weight:600\"><a href=\"http:\/\/www.studium-spitzensport-berlin.de\/?page_id=153\" data-type=\"page\" data-id=\"153\">Berliner Hochschule f\u00fcr Technik<\/a><\/h3>\n\n\n\n<p class=\"has-text-align-left\">\u201eStudiere Zukunft!\u201c \u00dcber 70 Bachelor- und Masterstudieng\u00e4ngen, breites Angebot im Bereich der angewandten Ingenieur-, Natur- und Wirtschaftswissenschaften.<\/p>\n<\/div>\n\n\n\n<div class=\"wp-block-column is-layout-flow wp-container-core-column-is-layout-e3d1c41b wp-block-column-is-layout-flow\">\n<h3 class=\"wp-block-heading has-text-align-left is-style-asterisk has-body-font-family has-medium-font-size\" style=\"font-style:normal;font-weight:600\"><a href=\"http:\/\/www.studium-spitzensport-berlin.de\/?page_id=23\" data-type=\"page\" data-id=\"23\">Charit\u00e9 Berlin<\/a><\/h3>\n\n\n\n<p class=\"has-text-align-left\">Die Studieng\u00e4nge bereiten Studierende darauf vor, die Medizin von morgen durch Beitr\u00e4ge in Forschung, der klinischen Praxis und einer qualitativ hochwertigen gesundheitlichen Versorgung der Bev\u00f6lkerung zu gestalten.<\/p>\n<\/div>\n<\/div>\n\n\n\n<div style=\"height:min(1.5rem, 2vw);width:0px\" aria-hidden=\"true\" class=\"wp-block-spacer\"><\/div>\n\n\n\n<div class=\"wp-block-columns alignwide is-layout-flex wp-container-core-columns-is-layout-d0bbbce0 wp-block-columns-is-layout-flex\">\n<div class=\"wp-block-column is-layout-flow wp-container-core-column-is-layout-e3d1c41b wp-block-column-is-layout-flow\">\n<h3 class=\"wp-block-heading has-text-align-left is-style-asterisk has-body-font-family has-medium-font-size\" style=\"font-style:normal;font-weight:600\"><a href=\"http:\/\/www.studium-spitzensport-berlin.de\/?page_id=8\" data-type=\"page\" data-id=\"8\">Freie Universit\u00e4t Berlin<\/a><\/h3>\n\n\n\n<p class=\"has-text-align-left\">Internationale Netzwerkuniversit\u00e4t im S\u00fcdwesten Berlins. Volluniversit\u00e4t mit mehr als 150 Studieng\u00e4ngen&nbsp;in den Geistes- und Sozialwissenschaften sowie den Naturwissenschaften.<br><\/p>\n<\/div>\n\n\n\n<div class=\"wp-block-column is-layout-flow wp-container-core-column-is-layout-e3d1c41b wp-block-column-is-layout-flow\">\n<h3 class=\"wp-block-heading has-text-align-left is-style-asterisk has-body-font-family has-medium-font-size\" style=\"font-style:normal;font-weight:600\"><a href=\"https:\/\/www.studium-spitzensport-berlin.de\/?page_id=373\" data-type=\"page\" data-id=\"373\">DHGS &#8211; Deutsche Hochschule f\u00fcr Gesundheit und Sport<\/a><\/h3>\n\n\n\n<p class=\"has-text-align-left\">Besser studieren in Berlin, Ismaning, Unna! Ob Gesundheit oder Sport &#8211; Wir bieten Euch ein semi-virtuelles Studium, welches zu Euch passt!<\/p>\n<\/div>\n\n\n\n<div class=\"wp-block-column is-layout-flow wp-container-core-column-is-layout-e3d1c41b wp-block-column-is-layout-flow\">\n<h3 class=\"wp-block-heading has-text-align-left is-style-asterisk has-body-font-family has-medium-font-size\" style=\"font-style:normal;font-weight:600\"><a href=\"http:\/\/www.studium-spitzensport-berlin.de\/?page_id=21\" data-type=\"page\" data-id=\"21\">Hochschule f\u00fcr Technik und Wirtschaft Berlin<\/a><\/h3>\n\n\n\n<p class=\"has-text-align-left\">Gr\u00f6\u00dfte staatliche Fachhochschule Berlins. 70 Studienangebote in den Bereichen Technik, Informatik, Wirtschaft, Kultur und Gestaltung.<\/p>\n<\/div>\n<\/div>\n\n\n\n<div class=\"wp-block-columns alignwide is-layout-flex wp-container-core-columns-is-layout-d0bbbce0 wp-block-columns-is-layout-flex\">\n<div class=\"wp-block-column is-layout-flow wp-container-core-column-is-layout-e3d1c41b wp-block-column-is-layout-flow\">\n<h3 class=\"wp-block-heading has-text-align-left is-style-asterisk has-body-font-family has-medium-font-size\" style=\"font-style:normal;font-weight:600\"><a href=\"http:\/\/www.studium-spitzensport-berlin.de\/?page_id=150\" data-type=\"page\" data-id=\"150\">Hochschule f\u00fcr Wirtschaft und Recht Berlin<\/a><\/h3>\n\n\n\n<p class=\"has-text-align-left\">Mit \u00fcber 12.000 Studierenden eine der gr\u00f6\u00dften Fachhochschulen am Wissenschaftsstandort Berlin.<\/p>\n<\/div>\n\n\n\n<div class=\"wp-block-column is-layout-flow wp-container-core-column-is-layout-e3d1c41b wp-block-column-is-layout-flow\">\n<h3 class=\"wp-block-heading has-text-align-left is-style-asterisk has-body-font-family has-medium-font-size\" style=\"font-style:normal;font-weight:600\"><a href=\"http:\/\/www.studium-spitzensport-berlin.de\/?page_id=10\" data-type=\"page\" data-id=\"10\">Humboldt-Universit\u00e4t zu Berlin<\/a><\/h3>\n\n\n\n<p class=\"has-text-align-left\">Mit fast 170 Studieng\u00e4ngen bietet die Humboldt-Universit\u00e4t zu Berlin Menschen aus der ganzen Welt ein attraktives Angebot in einer attraktiven Stadt &#8211; vor, im und nach dem Studium.<\/p>\n<\/div>\n\n\n\n<div class=\"wp-block-column is-layout-flow wp-container-core-column-is-layout-e3d1c41b wp-block-column-is-layout-flow\">\n<h3 class=\"wp-block-heading has-text-align-left is-style-asterisk has-body-font-family has-medium-font-size\" style=\"font-style:normal;font-weight:600\"><a href=\"http:\/\/www.studium-spitzensport-berlin.de\/?page_id=19\" data-type=\"page\" data-id=\"19\">Technische Universit\u00e4t Berlin<\/a><\/h3>\n\n\n\n<p class=\"has-text-align-left\">Mit \u00fcber 100 Studienangeboten eine der gro\u00dfen, international renommierten und traditionsreichen technischen Universit\u00e4ten Deutschlands.<\/p>\n<\/div>\n<\/div>\n<\/div>\n\n\n\n<div class=\"wp-block-group alignfull has-global-padding is-layout-constrained wp-container-core-group-is-layout-d89aad35 wp-block-group-is-layout-constrained\" style=\"margin-top:0;margin-bottom:0;padding-top:var(--wp--preset--spacing--50);padding-right:var(--wp--preset--spacing--50);padding-bottom:var(--wp--preset--spacing--50);padding-left:var(--wp--preset--spacing--50)\">\n<div class=\"wp-block-group alignwide has-global-padding is-layout-constrained wp-container-core-group-is-layout-19e250f3 wp-block-group-is-layout-constrained\">\n<div class=\"wp-block-group is-vertical is-content-justification-center is-layout-flex wp-container-core-group-is-layout-6329a8f3 wp-block-group-is-layout-flex\">\n<h2 class=\"wp-block-heading has-text-align-center is-style-asterisk\">Partnerhochschulen des Spitzensports<\/h2>\n\n\n\n<p class=\"has-text-align-center\">Um den studentischen Kaderathletinnen und -athleten den Spagat zwischen Studium und Spitzensport zu erleichtern, bieten die &#8222;Partnerhochschule des Spitzensports&#8220; ein Verbundsystem zum Ausgleich spezifischer Nachteile. Die Kooperationspartner erm\u00f6glichen den Studierenden, dass sie&nbsp;ihre akademische Ausbildung trotz der hohen zeitlichen Belastungen des Spitzensports erfolgreich absolvieren k\u00f6nnen.<\/p>\n<\/div>\n\n\n\n<div style=\"height:var(--wp--preset--spacing--40)\" aria-hidden=\"true\" class=\"wp-block-spacer\"><\/div>\n\n\n\n<div class=\"wp-block-columns alignwide is-layout-flex wp-container-core-columns-is-layout-d1c656ed wp-block-columns-is-layout-flex\">\n<div class=\"wp-block-column is-vertically-aligned-center is-layout-flow wp-block-column-is-layout-flow\" style=\"flex-basis:40%\">\n<h3 class=\"wp-block-heading is-style-asterisk\">Standort Berlin<\/h3>\n\n\n\n<ul style=\"line-height:1.75\" class=\"wp-block-list is-style-checkmark-list\">\n<li>Exzellente Wissenschaftsstandorte<\/li>\n\n\n\n<li>Spitzensport auf h\u00f6chstem Niveau<\/li>\n\n\n\n<li>Optimale Trainings- und Wettkampfbedingungen<\/li>\n\n\n\n<li>Unterhaltung und Kultur von Weltformat<\/li>\n<\/ul>\n<\/div>\n\n\n\n<div class=\"wp-block-column is-layout-flow wp-block-column-is-layout-flow\" style=\"flex-basis:50%\">\n<figure class=\"wp-block-image size-large is-style-rounded wp-duotone-duotone-1 is-style-rounded--3\"><img loading=\"lazy\" decoding=\"async\" width=\"1024\" height=\"682\" src=\"http:\/\/www.studium-spitzensport-berlin.de\/wp-content\/uploads\/2024\/01\/brand-front-of-the-brandenburg-gate-5117579_1280-1024x682.jpg\" alt=\"\" class=\"wp-image-138\" srcset=\"https:\/\/www.studium-spitzensport-berlin.de\/wp-content\/uploads\/2024\/01\/brand-front-of-the-brandenburg-gate-5117579_1280-1024x682.jpg 1024w, https:\/\/www.studium-spitzensport-berlin.de\/wp-content\/uploads\/2024\/01\/brand-front-of-the-brandenburg-gate-5117579_1280-300x200.jpg 300w, https:\/\/www.studium-spitzensport-berlin.de\/wp-content\/uploads\/2024\/01\/brand-front-of-the-brandenburg-gate-5117579_1280-768x512.jpg 768w, https:\/\/www.studium-spitzensport-berlin.de\/wp-content\/uploads\/2024\/01\/brand-front-of-the-brandenburg-gate-5117579_1280.jpg 1280w\" sizes=\"auto, (max-width: 1024px) 100vw, 1024px\" \/><\/figure>\n<\/div>\n<\/div>\n\n\n\n<div style=\"height:var(--wp--preset--spacing--40)\" aria-hidden=\"true\" class=\"wp-block-spacer\"><\/div>\n\n\n\n<div class=\"wp-block-columns alignwide is-layout-flex wp-container-core-columns-is-layout-d1c656ed wp-block-columns-is-layout-flex\">\n<div class=\"wp-block-column is-layout-flow wp-block-column-is-layout-flow\" style=\"flex-basis:50%\">\n<figure class=\"wp-block-image size-large is-style-rounded is-style-rounded--4\"><img decoding=\"async\" src=\"http:\/\/www.studium-spitzensport-berlin.de\/wp-content\/themes\/twentytwentyfour\/assets\/images\/windows.webp\" alt=\"Fenster eines Geb\u00e4udes in N\u00fcrnberg, Deutschland\"\/><\/figure>\n<\/div>\n\n\n\n<div class=\"wp-block-column is-vertically-aligned-center is-layout-flow wp-block-column-is-layout-flow\" style=\"flex-basis:40%\">\n<h3 class=\"wp-block-heading is-style-asterisk\">\u00c9tudes-Newsletter<\/h3>\n\n\n\n<ul style=\"line-height:1.75\" class=\"wp-block-list is-style-checkmark-list\">\n<li>Eine Welt voller zum Nachdenken anregender Artikel.<\/li>\n\n\n\n<li>Fallstudien, die die Architektur feiern.<\/li>\n\n\n\n<li>Exklusiver Zugang zu Design-Einblicken.<\/li>\n<\/ul>\n<\/div>\n<\/div>\n<\/div>\n<\/div>\n\n\n\n<div class=\"wp-block-group alignfull has-base-color has-contrast-background-color has-text-color has-background has-global-padding is-layout-constrained wp-container-core-group-is-layout-ef3d885c wp-block-group-is-layout-constrained\" style=\"margin-top:0;margin-bottom:0;padding-top:var(--wp--preset--spacing--60);padding-right:var(--wp--preset--spacing--60);padding-bottom:var(--wp--preset--spacing--60);padding-left:var(--wp--preset--spacing--60)\">\n<div class=\"wp-block-group has-global-padding is-layout-constrained wp-block-group-is-layout-constrained\">\n<p class=\"has-text-align-center has-base-color has-text-color has-heading-font-family has-x-large-font-size\" style=\"line-height:1.2\"> <em>\u201eStatement von ehemaliger Spitzenathletin oder politischem Amtstr\u00e4ger.\u201c<\/em> <\/p>\n\n\n\n<div style=\"height:var(--wp--preset--spacing--10)\" aria-hidden=\"true\" class=\"wp-block-spacer\"><\/div>\n\n\n\n<div class=\"wp-block-group is-vertical is-content-justification-center is-nowrap is-layout-flex wp-container-core-group-is-layout-2dc08cea wp-block-group-is-layout-flex\">\n\n\n<p class=\"has-text-align-center\" style=\"margin-top:var(--wp--preset--spacing--10);margin-bottom:0\">Annie Steiner<\/p>\n\n\n\n<p class=\"has-text-align-center has-contrast-3-color has-text-color has-small-font-size\" style=\"font-style:normal;font-weight:300\">CEO, Greenprint<\/p>\n<\/div>\n<\/div>\n<\/div>\n","protected":false},"excerpt":{"rendered":"<p>Du bist Spitzensportler*in und auf der Suche nach Informationen zu Hochschulen und Universit\u00e4ten in Berlin? Dann bist Du hier genau an der richtigen Stelle! Die Unterst\u00fctzung der Dualen Karriere der studierenden Athlet*innen nimmt am Wissenschaftsstandort Berlin einen wichtigen Stellenwert ein. Insgesamt acht Berliner Hochschulen haben sich mit der Unterzeichnung von Kooperationsvertr\u00e4gen verpflichtet, die an ihren [&hellip;]<\/p>\n","protected":false},"author":1,"featured_media":0,"parent":0,"menu_order":0,"comment_status":"closed","ping_status":"closed","template":"","meta":{"footnotes":""},"class_list":["post-105","page","type-page","status-publish","hentry"],"_links":{"self":[{"href":"https:\/\/www.studium-spitzensport-berlin.de\/index.php?rest_route=\/wp\/v2\/pages\/105","targetHints":{"allow":["GET"]}}],"collection":[{"href":"https:\/\/www.studium-spitzensport-berlin.de\/index.php?rest_route=\/wp\/v2\/pages"}],"about":[{"href":"https:\/\/www.studium-spitzensport-berlin.de\/index.php?rest_route=\/wp\/v2\/types\/page"}],"author":[{"embeddable":true,"href":"https:\/\/www.studium-spitzensport-berlin.de\/index.php?rest_route=\/wp\/v2\/users\/1"}],"replies":[{"embeddable":true,"href":"https:\/\/www.studium-spitzensport-berlin.de\/index.php?rest_route=%2Fwp%2Fv2%2Fcomments&post=105"}],"version-history":[{"count":47,"href":"https:\/\/www.studium-spitzensport-berlin.de\/index.php?rest_route=\/wp\/v2\/pages\/105\/revisions"}],"predecessor-version":[{"id":533,"href":"https:\/\/www.studium-spitzensport-berlin.de\/index.php?rest_route=\/wp\/v2\/pages\/105\/revisions\/533"}],"wp:attachment":[{"href":"https:\/\/www.studium-spitzensport-berlin.de\/index.php?rest_route=%2Fwp%2Fv2%2Fmedia&parent=105"}],"curies":[{"name":"wp","href":"https:\/\/api.w.org\/{rel}","templated":true}]}}